{"id":406,"date":"2024-07-13T12:07:16","date_gmt":"2024-07-13T12:07:16","guid":{"rendered":"https:\/\/argeda.com.tr\/?page_id=406"},"modified":"2024-07-18T03:26:52","modified_gmt":"2024-07-18T03:26:52","slug":"arama-konferanslari","status":"publish","type":"page","link":"https:\/\/argeda.com.tr\/?page_id=406","title":{"rendered":"ARAMA KONFERANSLARI"},"content":{"rendered":"<div class=\"style-339 style-local-406-c1 position-relative\" data-colibri-id=\"406-c1\">\n<div id=\"initial-content\" class=\"h-section h-section-global-spacing d-flex align-items-lg-center align-items-md-center align-items-center style-340 style-local-406-c2 position-relative\" data-colibri-component=\"section\" data-colibri-id=\"406-c2\">\n<div class=\"h-section-grid-container h-section-boxed-container\">\n<div class=\"h-row-container gutters-row-lg-2 gutters-row-md-2 gutters-row-0 gutters-row-v-lg-2 gutters-row-v-md-2 gutters-row-v-2 style-341 style-local-406-c3 position-relative\" data-colibri-id=\"406-c3\">\n<div class=\"h-row justify-content-lg-center justify-content-md-center justify-content-center align-items-lg-stretch align-items-md-stretch align-items-stretch gutters-col-lg-2 gutters-col-md-2 gutters-col-0 gutters-col-v-lg-2 gutters-col-v-md-2 gutters-col-v-2\">\n<div class=\"h-column h-column-container d-flex h-col-lg-auto h-col-md-auto h-col-auto style-342-outer style-local-406-c4-outer\">\n<div class=\"d-flex h-flex-basis h-column__inner h-px-lg-2 h-px-md-2 h-px-2 v-inner-lg-2 v-inner-md-2 v-inner-2 style-342 style-local-406-c4 position-relative\" data-colibri-id=\"406-c4\">\n<div class=\"w-100 h-y-container h-column__content h-column__v-align flex-basis-100 align-self-lg-start align-self-md-start align-self-start\">\n<div class=\"d-block style-344 style-local-406-c6 position-relative h-element\" data-colibri-id=\"406-c6\">\n<div class=\"h-image__frame-container-outer\">\n<div class=\"h-image__frame-container\">\n<p><img loading=\"lazy\" decoding=\"async\" width=\"666\" height=\"666\" class=\"wp-image-420 style-344-image style-local-406-c6-image aligncenter lazyload\" data-src=\"https:\/\/argeda.com.tr\/wp-content\/uploads\/2024\/07\/cropped-cropped-cropped-IMG_0597.jpg\" alt=\"\" data-srcset=\"https:\/\/argeda.com.tr\/wp-content\/uploads\/2024\/07\/cropped-cropped-cropped-IMG_0597.jpg 666w, https:\/\/argeda.com.tr\/wp-content\/uploads\/2024\/07\/cropped-cropped-cropped-IMG_0597-300x300.jpg 300w, https:\/\/argeda.com.tr\/wp-content\/uploads\/2024\/07\/cropped-cropped-cropped-IMG_0597-150x150.jpg 150w\" data-sizes=\"auto, (max-width: 666px) 100vw, 666px\" src=\"data:image\/gif;base64,R0lGODlhAQABAAAAACH5BAEKAAEALAAAAAABAAEAAAICTAEAOw==\" style=\"--smush-placeholder-width: 666px; --smush-placeholder-aspect-ratio: 666\/666;\" \/><noscript><img loading=\"lazy\" decoding=\"async\" width=\"666\" height=\"666\" class=\"wp-image-420 style-344-image style-local-406-c6-image aligncenter\" src=\"https:\/\/argeda.com.tr\/wp-content\/uploads\/2024\/07\/cropped-cropped-cropped-IMG_0597.jpg\" alt=\"\" srcset=\"https:\/\/argeda.com.tr\/wp-content\/uploads\/2024\/07\/cropped-cropped-cropped-IMG_0597.jpg 666w, https:\/\/argeda.com.tr\/wp-content\/uploads\/2024\/07\/cropped-cropped-cropped-IMG_0597-300x300.jpg 300w, https:\/\/argeda.com.tr\/wp-content\/uploads\/2024\/07\/cropped-cropped-cropped-IMG_0597-150x150.jpg 150w\" sizes=\"auto, (max-width: 666px) 100vw, 666px\" \/><\/noscript><\/p>\n<div class=\"h-image__frame h-hide-lg h-hide-md h-hide-sm style-344-frameImage style-local-406-c6-frameImage\">\u00a0<\/div>\n<\/div>\n<\/div>\n<\/div>\n<div class=\"style-343 style-local-406-c5 position-relative h-element\" data-colibri-id=\"406-c5\">\n<div>\u00a0<\/div>\n<\/div>\n<\/div>\n<\/div>\n<\/div>\n<\/div>\n<\/div>\n<\/div>\n<\/div>\n<\/div>\n\n\n<h3 class=\"wp-block-heading has-text-align-center\"><strong>Yapm\u0131\u015f oldu\u011fumuz y\u00fczlerce Arama Konferans\u0131 sonucunda kat\u0131l\u0131mc\u0131lar\u0131n s\u00f6yledikleri s\u00f6zlerin baz\u0131lar\u0131 a\u015fa\u011f\u0131da derlenmi\u015ftir.<\/strong><\/h3>\n\n\n\n<h4 class=\"wp-block-heading\">Detayl\u0131 bilgileri Arama Konferans\u0131 bro\u015f\u00fcr\u00fcm\u00fczde ve ilgili linkleri t\u0131klayarak bulabilirsiniz. <\/h4>\n\n\n\n<div class=\"wp-block-group is-vertical is-layout-flex wp-container-core-group-is-layout-8cf370e7 wp-block-group-is-layout-flex\">\n<h3 class=\"wp-block-heading\" style=\"font-size:px\"><mark style=\"background-color:rgba(0, 0, 0, 0);color:#f70718\" class=\"has-inline-color\"><strong>Arama Konferanslar\u0131na kat\u0131lanlar ne dediler?<\/strong><\/mark><\/h3>\n\n\n\n<h3 class=\"wp-block-heading\"><mark style=\"background-color:rgba(0, 0, 0, 0);color:#f70730\" class=\"has-inline-color\"><strong>TCDD<\/strong><\/mark><\/h3>\n<\/div>\n\n\n\n<ul class=\"has-small-font-size wp-block-list\">\n<li class=\"has-medium-font-size\">Bu konferans, TCDD\u2019nin daha ileriye gitmesi ve her sene zarar ederek yard\u0131m beklemesini \u00f6nleme \u00e7al\u0131\u015fmas\u0131 olmu\u015ftur.<\/li>\n\n\n\n<li class=\"has-medium-font-size\"><strong>Olduk\u00e7a ba\u015far\u0131l\u0131 bir konferans. Kurum vizyonu, ortak kurum k\u00fclt\u00fcr\u00fc ve bilincin olu\u015fturulmas\u0131 a\u00e7\u0131s\u0131ndan \u00f6nemli.<\/strong><\/li>\n\n\n\n<li class=\"has-medium-font-size\"><strong>Bu t\u00fcr \u00e7al\u0131\u015fmalar\u0131n s\u0131kl\u0131kla yap\u0131lmas\u0131nda fayda g\u00f6r\u00fcyorum. Kurum problemlerini karde\u015f\u00e7e ve kapsaml\u0131 olarak tespit etti.<\/strong><\/li>\n\n\n\n<li class=\"has-medium-font-size\">Her a\u00e7\u0131dan yararl\u0131 bir \u00e7al\u0131\u015fma oldu. \u00d6zellikle i\u015fverenlerin de bu e\u011fitime kat\u0131lmalar\u0131 ve fikirlerini a\u00e7\u0131klamalar\u0131 \u00e7al\u0131\u015fanlar a\u00e7\u0131s\u0131ndan olumlu bir yakla\u015f\u0131m oldu. Bu t\u00fcr e\u011fitimlerin devaml\u0131 olmas\u0131n\u0131 temenni ediyorum.<\/li>\n\n\n\n<li class=\"has-medium-font-size\"><strong>Herkes birbirini bu konferans sayesinde daha da tan\u0131m\u0131\u015f oldu. \u00c7al\u0131\u015fmalar\u0131m\u0131zda kayna\u015fmay\u0131 ve birbirimizi anlamay\u0131 artt\u0131raca\u011f\u0131na inanc\u0131m b\u00fcy\u00fck.<\/strong><\/li>\n\n\n\n<li class=\"has-medium-font-size\">Seminerin, payla\u015f\u0131m, motivasyon y\u00f6n\u00fcnden \u00e7ok faydal\u0131 oldu\u011funu kabul etmek gerek. HEKULA her derde deva.<\/li>\n\n\n\n<li>\n                        <a href=\"https:\/\/www.aliarslan.net\/tcdd\/\">https:\/\/www.aliarslan.net\/tcdd\/<\/a>\n                      <\/li>\n<\/ul>\n\n\n\n<h3 class=\"wp-block-heading\">HATAY VAL\u0130L\u0130\u011e\u0130<\/h3>\n\n\n\n<ul class=\"wp-block-list\">\n<li>Konferans\u0131n ad\u0131n\u0131n \u201cArama\u201d olmas\u0131na tebess\u00fcm ettim. Acaba neyi arayaca\u011f\u0131z diye ve neden \u00e7a\u011f\u0131r\u0131lanlardan biriyim diye d\u00fc\u015f\u00fcnd\u00fcm. Az ara\u015ft\u0131rma yap\u0131nca \u00f6nemli bir konu oldu\u011funu g\u00f6rd\u00fcm. Modern ve \u00e7a\u011f\u0131n gereklerine uygun, hedeflere y\u00f6nelik\n                        bir \u00e7al\u0131\u015fman\u0131n ilk aya\u011f\u0131 \u00e7ok olumlu idi. Umar\u0131m kentimize yarar\u0131 olur. Bilimsel \u00e7al\u0131\u015fmalara her zaman ihtiya\u00e7 var.<\/li>\n\n\n\n<li><strong>\u00c7ok zevkli bir \u00e7al\u0131\u015ftay oldu. B\u00fct\u00fcn konular\u0131 beraber belirledik. Herkes kat\u0131ld\u0131. Bu anlamda ba\u015far\u0131l\u0131 oldu\u011funu d\u00fc\u015f\u00fcn\u00fcyorum.<\/strong><\/li>\n\n\n\n<li>Toplant\u0131n\u0131n \u00e7ok \u00f6nemli oldu\u011funu d\u00fc\u015f\u00fcnm\u00fcyordum. G\u00fczel \u015feyler olaca\u011f\u0131na inan\u0131yorum. Valimize bu projeden dolay\u0131 te\u015fekk\u00fcr ederim.<\/li>\n<\/ul>\n\n\n\n<h3 class=\"wp-block-heading\">AKAN G\u00dcMR\u00dcKLEME<\/h3>\n\n\n\n<ul class=\"wp-block-list\">\n<li>Seminerlerin genelde s\u0131k\u0131c\u0131 oldu\u011funu d\u00fc\u015f\u00fcn\u00fcr\u00fcm. Ve \u00f6yle de olur. Ama bu seferkinin \u00f6yle olmad\u0131\u011f\u0131n\u0131 g\u00f6rd\u00fcm.&nbsp; E\u011flenceli ve g\u00fczeldi&#8230;! Daha s\u0131k ve yo\u011fun yap\u0131lmal\u0131. \u00c7ok memnun kald\u0131m.<\/li>\n\n\n\n<li><strong>\u015eirket olarak bizi daha iyi seviyelere ta\u015f\u0131maya yard\u0131mc\u0131 bir seminer oldu\u011funa inan\u0131yorum.<\/strong><\/li>\n\n\n\n<li>Seminer, \u00e7ok s\u0131cak bir ortamda payla\u015f\u0131mla, herkesin fikri ve d\u00fc\u015f\u00fcncelerine \u00f6nem verilip, kar\u015f\u0131l\u0131kl\u0131 diyaloglar i\u00e7inde, hocam\u0131z\u0131n da y\u00f6nlendirmesiyle beklenilenden daha etkili ve yararl\u0131 ge\u00e7ti. Devam\u0131n\u0131 bekliyoruz.<\/li>\n\n\n\n<li><strong>Ger\u00e7ekten bize ve gelece\u011fimizi iyi y\u00f6nlendirmemize katk\u0131da bulundu. T\u00fcm i\u015f arkada\u015flar\u0131m\u0131z\u0131n d\u00fc\u015f\u00fcncelerini \u00f6\u011frendik. Birbirimize daha a\u00e7\u0131k olduk, fikirlerimizi payla\u015ft\u0131k. Bu ortam\u0131 bize sa\u011flayanlara te\u015fekk\u00fcrler.<\/strong><\/li>\n\n\n\n<li>Kendimizi geli\u015ftirmede, ileriye y\u00f6nelik planlama yapmam\u0131za, d\u00fc\u015f\u00fcncelerimizi ifade etmemize yard\u0131mc\u0131 oldu. Aral\u0131kl\u0131 zamanlarda bu t\u00fcr seminer yap\u0131lmas\u0131n\u0131 \u015fiddetle destekliyorum.<\/li>\n\n\n\n<li><strong>\u015eirketimizin chekup\u2019\u0131 \u00e7ekilerek mevcut rahats\u0131zl\u0131klar belirlendi. S\u0131k\u0131c\u0131 ve gereksiz oldu\u011funu d\u00fc\u015f\u00fcn\u00fcyordum, \u015fimdi tam tersini d\u00fc\u015f\u00fcn\u00fcyorum.<\/strong><\/li>\n<\/ul>\n\n\n\n<h3 class=\"wp-block-heading\">BULGAR\u0130STAN BA\u015eM\u00dcFT\u00dcL\u00dc\u011e\u00dc<\/h3>\n\n\n\n<ul class=\"wp-block-list\">\n<li>\u00c7al\u0131\u015fmalar\u0131n kolektif olmas\u0131 gerekti\u011fine kanaat getirdim. \u00c7ok faydal\u0131 oldu. Devam\u0131n\u0131n gelmesini\n                        <br>&nbsp;&nbsp;&nbsp;&nbsp;&nbsp; istiyoruz.<\/li>\n\n\n\n<li><strong>B\u00fct\u00fcn problemleri ekibimizin g\u00f6zleriyle g\u00f6rebildim. Baz\u0131 sorunlar\u0131n \u00e7\u00f6z\u00fcmleri kafamda olu\u015ftu.<\/strong><\/li>\n\n\n\n<li>\u00c7ok bilgilendim, sorunlar\u0131n nas\u0131l \u00e7\u00f6z\u00fclmesi gerekti\u011fini anlad\u0131m. Faydal\u0131 ve ba\u015far\u0131l\u0131 oldu.<\/li>\n\n\n\n<li><strong>\u0130lk defa kat\u0131ld\u0131m. \u00c7ok memnunum.<\/strong><\/li>\n\n\n\n<li>Gelecekte tekrar yap\u0131lmas\u0131n\u0131 isterim.<\/li>\n\n\n\n<li><strong>B\u00fct\u00fcn i\u015flerimizi ger\u00e7ekle\u015ftirilebilme iste\u011fimizi uyard\u0131.<\/strong><\/li>\n\n\n\n<li>\u00d6zg\u00fcrce, fikir ve d\u00fc\u015f\u00fcncelerimi ortaya koyabildim.<\/li>\n\n\n\n<li><strong>Olumlu ge\u00e7ti. Devam\u0131 gelir in\u015faallah.<\/strong><\/li>\n\n\n\n<li>Olumlu ve bilgilendiriciydi.<\/li>\n<\/ul>\n\n\n\n<h3 class=\"wp-block-heading\">T\u00dcRK TELEKOM<\/h3>\n\n\n\n<ul class=\"wp-block-list\">\n<li><strong>Ayn\u0131 \u00e7al\u0131\u015fman\u0131n alt kademeye de&nbsp; uygulanmas\u0131nda yarar var. Klasik \u00e7al\u0131\u015fmalardan farkl\u0131, \u00f6zg\u00fcn bir \u00e7al\u0131\u015fmaya kat\u0131lmak keyif verdi.<\/strong><\/li>\n\n\n\n<li>Beklentimin \u00fcst\u00fcnde fayda ve keyif verdi. Hocan\u0131n performans\u0131 m\u00fckemmeldi. Kendime olan \u00f6zg\u00fcvenimi art\u0131rd\u0131.<\/li>\n\n\n\n<li><strong>Kat\u0131l\u0131m\u0131 ve kat\u0131l\u0131mc\u0131lar\u0131 motive etti\u011fini d\u00fc\u015f\u00fcn\u00fcyorum.<\/strong><\/li>\n\n\n\n<li>Sadece dinleyece\u011fim, klasik bir seminer bekliyordum. Aktif \u00e7al\u0131\u015fma olmas\u0131 son derece faydal\u0131 olmu\u015ftur. \u00d6zellikle tak\u0131m olarak \u00e7al\u0131\u015fman\u0131n faydalar\u0131 uygulamal\u0131 olarak g\u00f6r\u00fclm\u00fc\u015ft\u00fcr. Ayr\u0131ca, \u015firketin mevcut durumunun ortaya konulmas\u0131\n                        ve gelecekle ilgili hedefler konulmas\u0131 bak\u0131m\u0131ndan son derece ba\u015far\u0131l\u0131 olmu\u015ftur.<\/li>\n\n\n\n<li><strong>\u00d6nce, sadece e\u011fitim alaca\u011f\u0131m bir seminer bekliyordum.&nbsp; \u00c7ok kat\u0131l\u0131ml\u0131 bir seminer oldu. \u015eirketimiz i\u00e7in faydal\u0131 sonu\u00e7lar do\u011furaca\u011f\u0131n\u0131 umuyorum.&nbsp; Bu gibi seminerlerin s\u0131k aral\u0131klarla yap\u0131lmas\u0131 gerekir.<\/strong><\/li>\n\n\n\n<li>Seminerin daha \u00e7ok anlatmaya dayal\u0131 olaca\u011f\u0131n\u0131 d\u00fc\u015f\u00fcn\u00fcyordum. Kat\u0131l\u0131mc\u0131 bir \u00e7al\u0131\u015fma olmas\u0131ndan memnun oldum.\n                        <br>Strateji geli\u015ftirme ve ekip&nbsp; \u00e7al\u0131\u015fmas\u0131 ile s\u0131n\u0131rl\u0131 ve teknik bir seminer olaca\u011f\u0131n\u0131 d\u00fc\u015f\u00fcn\u00fcyordum. Ancak daha genel ve \u015firketimin bug\u00fcn\u00fcn\u00fc ve gelece\u011fini sorgulayan bir b\u00fct\u00fcnl\u00fck i\u00e7inde ge\u00e7ti. T\u00fcm kat\u0131l\u0131mc\u0131lar s\u0131k\u0131nt\u0131, g\u00f6r\u00fc\u015f ve\n                        \u00f6nerilerini dile getirebildi.&nbsp;&nbsp;&nbsp;&nbsp;&nbsp;&nbsp;&nbsp;&nbsp;&nbsp;&nbsp;&nbsp;&nbsp;&nbsp;&nbsp;&nbsp;&nbsp;&nbsp;&nbsp;&nbsp;&nbsp;&nbsp;&nbsp;&nbsp;&nbsp;&nbsp;&nbsp;&nbsp;&nbsp;<\/li>\n<\/ul>\n\n\n\n<h3 class=\"wp-block-heading\">MAV\u0130 MARMARA<\/h3>\n\n\n\n<ul class=\"wp-block-list\">\n<li><strong>Planlaman\u0131n \u00f6nemini kavrad\u0131m. \u00c7al\u0131\u015fman\u0131n devam\u0131n\u0131n gereklili\u011fi ortaya \u00e7\u0131kt\u0131.<\/strong><\/li>\n\n\n\n<li>Hocam\u0131z\u0131n bilgi ve tecr\u00fcbesi yeterliydi.<\/li>\n\n\n\n<li><strong>Bak\u0131\u015f\u0131m\u0131z\u0131 de\u011fi\u015ftirdi.<\/strong><\/li>\n\n\n\n<li>\u00c7ok keyifli bir \u00e7al\u0131\u015fmayd\u0131, \u00f6ncelikle sizlere te\u015fekk\u00fcr etmek isterim.<\/li>\n\n\n\n<li><strong>Verimli bir program oldu\u011funu d\u00fc\u015f\u00fcn\u00fcyorum. Kesinlikle bir daha yap\u0131lmal\u0131 diye d\u00fc\u015f\u00fcn\u00fcyorum.<\/strong><\/li>\n\n\n\n<li>Rahat olmas\u0131 ve sizin g\u00fcler y\u00fczl\u00fc olman\u0131z bizi burada tutmaya yetti, yoksa zordu bizim bu kadar dinlememiz.<\/li>\n\n\n\n<li><strong>Faydalanaca\u011f\u0131m\u0131 umdu\u011fum i\u00e7in geldim. Faydaland\u0131m, te\u015fekk\u00fcrler.<\/strong><\/li>\n\n\n\n<li>Faydal\u0131 olaca\u011f\u0131 kanaatindeydim, oldu da.<\/li>\n\n\n\n<li><strong>Yapmam\u0131z gereken \u00e7al\u0131\u015fmalar noktas\u0131nda zihin karga\u015fam gitti ve tasniflenmi\u015f oldu; kar\u015f\u0131l\u0131\u011f\u0131nda cevaplar\u0131n\u0131 bulmu\u015f oldum.<\/strong><\/li>\n<\/ul>\n\n\n\n<h3 class=\"wp-block-heading\">\u0130MH<\/h3>\n\n\n\n<ul class=\"wp-block-list\">\n<li><strong>Kendi kendimizi \u00f6l\u00e7me konusunda \u00e7ok \u00e7ok faydal\u0131 oldu. Daha detayl\u0131 ve&nbsp; s\u00fcrekli yap\u0131lmal\u0131, yap\u0131labilmeli.<\/strong><\/li>\n\n\n\n<li>Bu seminerin \u00e7ok kaliteli oldu\u011funu d\u00fc\u015f\u00fcn\u00fcyorum.<\/li>\n\n\n\n<li><strong>\u00c7ok ne\u015feli ve faydal\u0131, \u00f6zellikle \u2018\u2019d\u00fc\u015f\u00fcnd\u00fcrtt\u00fc\u2019\u2019&nbsp; Ezberlerimizi&nbsp; bozup d\u00fc\u015f\u00fcncelerimizi toparlad\u0131.<\/strong><\/li>\n\n\n\n<li>Sunum \u00e7ok g\u00fczeldi. Aktif olmas\u0131,dinleyicilerin kat\u0131l\u0131mlar\u0131n\u0131 olumlu etkiledi. Bekledi\u011fimden g\u00fczel, e\u011flenceli,uygulamal\u0131 bir \u00f6\u011fretim \u015fekliydi. S\u0131k\u0131lmadan kat\u0131ld\u0131m.<\/li>\n\n\n\n<li><strong>\u00c7ok verimli ge\u00e7ti\u011fini d\u00fc\u015f\u00fcn\u00fcyorum. E\u011fitimcimizin dili, beden dili \u00e7ok \u00f6nemliydi. Bu da sizde mevcuttu.<\/strong><\/li>\n\n\n\n<li>Bu kadar etkilenece\u011fimi d\u00fc\u015f\u00fcnmemi\u015ftim.<\/li>\n\n\n\n<li><strong>Seminer, \u00f6zellikle ekip \u00e7al\u0131\u015fmas\u0131yla yap\u0131lan \u00e7al\u0131\u015fmalar\u0131n daha ba\u015far\u0131l\u0131 olabilece\u011fini \u00f6\u011fretti. Ayr\u0131ca iki g\u00fcn boyunca beyin jimnasti\u011fi ya da f\u0131rt\u0131nas\u0131 yapmam\u0131z\u0131 sa\u011flad\u0131. \u00dcretkenlik noktas\u0131nda gayet iyi bir s\u00fcre\u00e7ti.<\/strong><\/li>\n\n\n\n<li>Tak\u0131m \u00e7al\u0131\u015fmas\u0131n\u0131n nas\u0131l olmas\u0131 gerekti\u011fini, daha iyi kavrad\u0131m. \u201c<strong>Ben<\/strong>\u201dle hi\u00e7bir \u015fey olmazken \u201d<strong>biz<\/strong>\u201d ile \u00e7ok \u015feylerin olabilece\u011fini daha iyi g\u00f6rd\u00fcm.<\/li>\n<\/ul>\n\n\n\n<h3 class=\"wp-block-heading\">YA\u015eAM I\u015eI\u011eI<\/h3>\n\n\n\n<ul class=\"wp-block-list\">\n<li><strong>Sadece&nbsp;&nbsp; dinlemek&nbsp; yerine etkinliklere kat\u0131lmam\u0131z iyi oldu.<\/strong><\/li>\n\n\n\n<li>Hepimize bir \u015feyler katt\u0131\u011f\u0131n\u0131 d\u00fc\u015f\u00fcn\u00fcyorum. Gerek i\u015f birli\u011fi ad\u0131na, gerekse bireysel anlamda bir bak\u0131\u015f&nbsp;&nbsp;&nbsp;&nbsp;&nbsp;&nbsp;&nbsp; a\u00e7\u0131s\u0131 geli\u015ftirmemize katk\u0131 sa\u011flad\u0131\u011f\u0131n\u0131 d\u00fc\u015f\u00fcn\u00fcyorum.<\/li>\n\n\n\n<li><strong>Sorunlar\u0131 g\u00f6rmek, y\u00f6netim-\u00e7al\u0131\u015fan ili\u015fkisinin olumlu ilerlemesi a\u00e7\u0131s\u0131ndan \u00f6nemliydi. Hedefe ula\u015fmak i\u00e7in \u00f6nemli birimler kuruldu, y\u00fck hafifletildi.<\/strong><\/li>\n\n\n\n<li>Seminerin bireysel ve kurum olarak faydal\u0131 oldu\u011funu d\u00fc\u015f\u00fcn\u00fcyorum. Herkes d\u00fc\u015f\u00fcncelerini ortaya d\u00f6kebildi.<\/li>\n\n\n\n<li><strong>M\u00fckemmel bir \u015fekilde faydaland\u0131m. Te\u015fekk\u00fcr ediyorum.&nbsp;&nbsp;&nbsp;&nbsp;&nbsp;&nbsp;&nbsp;&nbsp;<\/strong>&nbsp;&nbsp;&nbsp;&nbsp;&nbsp;&nbsp;&nbsp;&nbsp;&nbsp;&nbsp;&nbsp;&nbsp;&nbsp;&nbsp;&nbsp;&nbsp;&nbsp;&nbsp;&nbsp;&nbsp;&nbsp;&nbsp;&nbsp;&nbsp;&nbsp;&nbsp;&nbsp;&nbsp;&nbsp;&nbsp;&nbsp;&nbsp;&nbsp;&nbsp;&nbsp;&nbsp;&nbsp;&nbsp;&nbsp;&nbsp;&nbsp;&nbsp;&nbsp;&nbsp;&nbsp;&nbsp;&nbsp;&nbsp;&nbsp;&nbsp;&nbsp;&nbsp;&nbsp;&nbsp;&nbsp;&nbsp;&nbsp;&nbsp;&nbsp;&nbsp;&nbsp;&nbsp;&nbsp;&nbsp;&nbsp;&nbsp;&nbsp;&nbsp;&nbsp;&nbsp;&nbsp;&nbsp;&nbsp;&nbsp;&nbsp;&nbsp;&nbsp;&nbsp;&nbsp;&nbsp;&nbsp;&nbsp;&nbsp;&nbsp;&nbsp;&nbsp;&nbsp;&nbsp;&nbsp;&nbsp;&nbsp;&nbsp;&nbsp;&nbsp;&nbsp;&nbsp;&nbsp;&nbsp;&nbsp;&nbsp;&nbsp;&nbsp;&nbsp;&nbsp;&nbsp;&nbsp;&nbsp;&nbsp;&nbsp;&nbsp;&nbsp;<\/li>\n\n\n\n<li>Sevgi, sayg\u0131 ve dayan\u0131\u015fman\u0131n her yerde gerekli oldu\u011funu anlad\u0131m.<\/li>\n\n\n\n<li><strong>Keyifli ve verimli vakit ge\u00e7irdim. Gayet ba\u015far\u0131l\u0131yd\u0131.<\/strong><\/li>\n<\/ul>\n\n\n\n<h3 class=\"wp-block-heading\">ULUSLARASI FAT\u0130H ANADOLU \u0130HL<\/h3>\n\n\n\n<ul class=\"wp-block-list\">\n<li>Ki\u015filerin bir noktaya odakland\u0131klar\u0131nda ve ak\u0131l birlikteli\u011fi ettiklerinde kendilerine ait sorunlar\u0131n \u00e7\u00f6z\u00fcm\u00fcne katk\u0131da bulunabilece\u011fini fark ettim. Seminer verimli ve keyifli idi.<\/li>\n\n\n\n<li><strong>Beklentilerimin \u00f6tesinde bir d\u00fczeyde fayda sa\u011flad\u0131\u011f\u0131n\u0131 d\u00fc\u015f\u00fcn\u00fcyorum. Elde edilen sonu\u00e7lar\u0131n en iyi \u015fekilde de\u011ferlendirilmesini temenni ediyorum.<\/strong><\/li>\n\n\n\n<li><strong>Kurum ve kendimiz ad\u0131na ciddi bir check-up oldu.<\/strong>&nbsp;Ama \u00e7ok yo\u011fun ve yorucuydu. Semineri, yo\u011funlu\u011funa ra\u011fmen ufuk &nbsp;a\u00e7\u0131c\u0131, bilgi verici olarak hat\u0131rlayaca\u011f\u0131m.<\/li>\n\n\n\n<li><strong>Seminerden sonra fikrim b\u00fcy\u00fck oranda de\u011fi\u015fti. \u00c7ok g\u00fczel ve verimli bir seminerdi.<\/strong><\/li>\n\n\n\n<li>Ufuk a\u00e7\u0131c\u0131 ve verimli bir seminer oldu\u011funu s\u00f6yleyebilirim.<\/li>\n<\/ul>\n\n\n\n<h3 class=\"wp-block-heading\">\u00c7INAR KOLEJ\u0130<\/h3>\n\n\n\n<ul class=\"wp-block-list\">\n<li><strong>Arama konferans\u0131n\u0131 merak ettim, anlayamad\u0131m; ancak araman\u0131n \u00e7\u0131k\u0131\u015f ve aray\u0131\u015f semineri oldu\u011funu \u00f6\u011frendim. Umar\u0131m biz de size verimli \u00e7al\u0131\u015fma yapabilmi\u015fizdir. Ben memnun kald\u0131m. \u0130\u00e7erik olarak faydal\u0131 bir \u00e7al\u0131\u015fma oldu.<\/strong><\/li>\n\n\n\n<li>G\u00fczel bir seminerdi, sizi tebrik ediyorum. Bu kadar saat ge\u00e7mesine kar\u015f\u0131n hala konu\u015fabiliyorsunuz. Verimli bir seminerdi.<\/li>\n\n\n\n<li><strong>\u0130stifade etti\u011fimi s\u00f6yleyebilirim.<\/strong><\/li>\n\n\n\n<li>Kurumumuzla ilgili kendimizi daha net g\u00f6rebildik. \u00c7al\u0131\u015fman\u0131n kurumun geli\u015fmesi ve daha iyi sonu\u00e7lar\u0131n al\u0131nmas\u0131 anlam\u0131nda verimli oldu\u011funu d\u00fc\u015f\u00fcn\u00fcyorum<\/li>\n\n\n\n<li><strong>\u0130leriye d\u00f6n\u00fck g\u00fczel ve faydal\u0131 \u015feylere vesile olaca\u011f\u0131n\u0131 d\u00fc\u015f\u00fcnd\u00fcm.<\/strong><\/li>\n<\/ul>\n\n\n\n<h3 class=\"wp-block-heading\">BALIKES\u0130R B\u00dcY\u00dcK\u015eEH\u0130R BELED\u0130YES\u0130<\/h3>\n\n\n\n<ul class=\"wp-block-list\">\n<li><strong>Ger\u00e7ekten g\u00fczel bir e\u011fitim ger\u00e7ekle\u015fti ve tahmin etti\u011fimden daha verimli iki g\u00fcn ge\u00e7irdim.&nbsp; Sorunlar\u0131 daha net g\u00f6rmemize yard\u0131mc\u0131 olundu, ayn\u0131 \u015fekilde \u00e7\u00f6z\u00fcmler i\u00e7inde \u00f6neriler g\u00fczel bir \u00e7er\u00e7evede belirlendi. S\u0131k\u0131c\u0131 olmayan gayet verimli 2 g\u00fcn i\u00e7in \u00e7ok te\u015fekk\u00fcr ediyorum hocam.<\/strong><\/li>\n\n\n\n<li>Seminerlerde \u015fikayetlerimizi, olmas\u0131 gerekenleri, planlar\u0131m\u0131z\u0131 ve projelerimiz bask\u0131 hissetmeden rahat\u00e7a dile getirdik. Sorunlar\u0131m\u0131z\u0131n payla\u015f\u0131lmas\u0131 ve \u00e7\u00f6z\u00fcm \u00fcretilmesi \u00e7ok iyi. \u0130yi ki b\u00f6yle bir seminere kat\u0131ld\u0131m. Di\u011fer birimlerin\n                        de kayna\u015f\u0131p, ortak s\u0131k\u0131nt\u0131lar\u0131m\u0131z\u0131 payla\u015fmam\u0131z sorunlar\u0131n \u00e7\u00f6z\u00fcm\u00fcnde \u00e7ok etkili olacak.<\/li>\n\n\n\n<li><strong>Bu t\u00fcr e\u011fitimlere ne kadar a\u00e7 oldu\u011fumuzu Bal\u0131kesir halk\u0131 ve B\u00fcy\u00fck\u015fehir Belediyesi \u00e7al\u0131\u015fanlar\u0131 olarak g\u00f6rm\u00fc\u015f olduk. Bu t\u00fcr e\u011fitimlerin devam\u0131n\u0131 istiyoruz.<\/strong><\/li>\n\n\n\n<li>Seminer iyi planlanm\u0131\u015f e\u011fitimci konusuna hakim ve iyi bir \u015fekilde y\u00f6netti.<\/li>\n\n\n\n<li><strong>Olaylara farkl\u0131 bak\u0131\u015f a\u00e7\u0131s\u0131 yaratt\u0131. Belediyemiz i\u00e7in \u00f6nemli bir ad\u0131m oldu\u011funu d\u00fc\u015f\u00fcn\u00fcyorum.<\/strong><\/li>\n\n\n\n<li>Belediyemiz i\u00e7indeki durumu ve tabloyu farkl\u0131 bi\u00e7imde g\u00f6zlemlememizi sa\u011flad\u0131. Verimlilik ve motivasyon konular\u0131na bak\u0131\u015f a\u00e7\u0131m\u0131z\u0131 de\u011fi\u015ftirdi, bilgi edinmemizi sa\u011flad\u0131.<\/li>\n<\/ul>\n\n\n<\/div>\n<\/div>\n<\/div>\n<\/div>\n<\/div>\n<\/div>\n<\/div>\n<\/div>\n<\/div>\n<\/div>","protected":false},"excerpt":{"rendered":"<p>\u00a0 \u00a0 Yapm\u0131\u015f oldu\u011fumuz y\u00fczlerce Arama Konferans\u0131 sonucunda kat\u0131l\u0131mc\u0131lar\u0131n s\u00f6yledikleri s\u00f6zlerin baz\u0131lar\u0131 a\u015fa\u011f\u0131da derlenmi\u015ftir. Detayl\u0131 bilgileri Arama Konferans\u0131 bro\u015f\u00fcr\u00fcm\u00fczde ve ilgili linkleri t\u0131klayarak bulabilirsiniz. Arama Konferanslar\u0131na kat\u0131lanlar ne dediler? TCDD HATAY VAL\u0130L\u0130\u011e\u0130 AKAN G\u00dcMR\u00dcKLEME BULGAR\u0130STAN BA\u015eM\u00dcFT\u00dcL\u00dc\u011e\u00dc T\u00dcRK TELEKOM MAV\u0130 MARMARA \u0130MH YA\u015eAM I\u015eI\u011eI ULUSLARASI FAT\u0130H ANADOLU \u0130HL \u00c7INAR KOLEJ\u0130 BALIKES\u0130R B\u00dcY\u00dcK\u015eEH\u0130R BELED\u0130YES\u0130<\/p>\n","protected":false},"author":1,"featured_media":0,"parent":0,"menu_order":0,"comment_status":"closed","ping_status":"closed","template":"","meta":{"footnotes":""},"class_list":["post-406","page","type-page","status-publish","hentry"],"_links":{"self":[{"href":"https:\/\/argeda.com.tr\/index.php?rest_route=\/wp\/v2\/pages\/406","targetHints":{"allow":["GET"]}}],"collection":[{"href":"https:\/\/argeda.com.tr\/index.php?rest_route=\/wp\/v2\/pages"}],"about":[{"href":"https:\/\/argeda.com.tr\/index.php?rest_route=\/wp\/v2\/types\/page"}],"author":[{"embeddable":true,"href":"https:\/\/argeda.com.tr\/index.php?rest_route=\/wp\/v2\/users\/1"}],"replies":[{"embeddable":true,"href":"https:\/\/argeda.com.tr\/index.php?rest_route=%2Fwp%2Fv2%2Fcomments&post=406"}],"version-history":[{"count":11,"href":"https:\/\/argeda.com.tr\/index.php?rest_route=\/wp\/v2\/pages\/406\/revisions"}],"predecessor-version":[{"id":861,"href":"https:\/\/argeda.com.tr\/index.php?rest_route=\/wp\/v2\/pages\/406\/revisions\/861"}],"wp:attachment":[{"href":"https:\/\/argeda.com.tr\/index.php?rest_route=%2Fwp%2Fv2%2Fmedia&parent=406"}],"curies":[{"name":"wp","href":"https:\/\/api.w.org\/{rel}","templated":true}]}}