{"id":681,"date":"2024-07-15T20:44:25","date_gmt":"2024-07-15T20:44:25","guid":{"rendered":"https:\/\/argeda.com.tr\/?page_id=681"},"modified":"2024-07-15T21:24:57","modified_gmt":"2024-07-15T21:24:57","slug":"iletisim","status":"publish","type":"page","link":"https:\/\/argeda.com.tr\/?page_id=681","title":{"rendered":"\u0130leti\u015fim"},"content":{"rendered":"<div data-colibri-id=\"681-c1\" class=\"style-529 style-local-681-c1 position-relative\">\n  <!---->\n  <div data-colibri-component=\"section\" data-colibri-id=\"681-c2\" id=\"initial-content\" class=\"h-section h-section-global-spacing d-flex align-items-lg-center align-items-md-center align-items-center style-530 style-local-681-c2 position-relative\">\n    <!---->\n    <!---->\n    <div class=\"h-section-grid-container h-section-boxed-container\">\n      <!---->\n      <div data-colibri-id=\"681-c3\" class=\"h-row-container gutters-row-lg-2 gutters-row-md-2 gutters-row-0 gutters-row-v-lg-2 gutters-row-v-md-2 gutters-row-v-2 style-539 style-local-681-c3 position-relative\">\n        <!---->\n        <div class=\"h-row justify-content-lg-center justify-content-md-center justify-content-center align-items-lg-stretch align-items-md-stretch align-items-stretch gutters-col-lg-2 gutters-col-md-2 gutters-col-0 gutters-col-v-lg-2 gutters-col-v-md-2 gutters-col-v-2\">\n          <!---->\n          <div class=\"h-column h-column-container d-flex h-col-lg-auto h-col-md-auto h-col-auto style-540-outer style-local-681-c4-outer\">\n            <div data-colibri-id=\"681-c4\" class=\"d-flex h-flex-basis h-column__inner h-px-lg-2 h-px-md-2 h-px-2 v-inner-lg-2 v-inner-md-2 v-inner-2 style-540 style-local-681-c4 position-relative\">\n              <!---->\n              <!---->\n              <div class=\"w-100 h-y-container h-column__content h-column__v-align flex-basis-100 align-self-lg-start align-self-md-start align-self-start\">\n                <!---->\n                <div data-colibri-id=\"681-c5\" class=\"h-global-transition-all h-heading style-541 style-local-681-c5 position-relative h-element\">\n                  <!---->\n                  <div class=\"h-heading__outer style-541 style-local-681-c5\">\n                    <!---->\n                    <!---->\n                    <h4 class=\"\">ADRES\u0130M\u0130Z<\/h4>\n                  <\/div>\n                <\/div>\n              <\/div>\n            <\/div>\n          <\/div>\n        <\/div>\n      <\/div>\n      <div data-colibri-id=\"681-c6\" class=\"h-row-container gutters-row-lg-2 gutters-row-md-2 gutters-row-0 gutters-row-v-lg-2 gutters-row-v-md-2 gutters-row-v-2 style-542 style-local-681-c6 position-relative\">\n        <!---->\n        <div class=\"h-row justify-content-lg-center justify-content-md-center justify-content-center align-items-lg-stretch align-items-md-stretch align-items-stretch gutters-col-lg-2 gutters-col-md-2 gutters-col-0 gutters-col-v-lg-2 gutters-col-v-md-2 gutters-col-v-2\">\n          <!---->\n          <div class=\"h-column h-column-container d-flex h-col-lg-auto h-col-md-auto h-col-auto style-543-outer style-local-681-c7-outer\">\n            <div data-colibri-id=\"681-c7\" class=\"d-flex h-flex-basis h-column__inner h-px-lg-2 h-px-md-2 h-px-2 v-inner-lg-2 v-inner-md-2 v-inner-2 style-543 style-local-681-c7 position-relative\">\n              <!---->\n              <!---->\n              <div class=\"w-100 h-y-container h-column__content h-column__v-align flex-basis-100 align-self-lg-start align-self-md-start align-self-start\">\n                <!---->\n                <div data-colibri-id=\"681-c8\" class=\"h-text h-text-component style-544 style-local-681-c8 position-relative h-element\">\n                  <!---->\n                  <!---->\n                  <div class=\"\">\n                    <p>ALTUN\u0130ZADE MAHALLES\u0130, OKUL SOKAK, ALTUN\u0130ZADE S\u0130TES\u0130 3 F\/1 \u00dcSK\u00dcDAR-\u0130STANBUL<\/p>\n                  <\/div>\n                <\/div>\n              <\/div>\n            <\/div>\n          <\/div>\n        <\/div>\n      <\/div>\n      <div data-colibri-id=\"681-c17\" class=\"h-row-container gutters-row-lg-2 gutters-row-md-2 gutters-row-0 gutters-row-v-lg-2 gutters-row-v-md-2 gutters-row-v-2 style-555 style-local-681-c17 position-relative\">\n        <!---->\n        <div class=\"h-row justify-content-lg-center justify-content-md-center justify-content-center align-items-lg-stretch align-items-md-stretch align-items-stretch gutters-col-lg-2 gutters-col-md-2 gutters-col-0 gutters-col-v-lg-2 gutters-col-v-md-2 gutters-col-v-2\">\n          <!---->\n          <div class=\"h-column h-column-container d-flex h-col-lg-auto h-col-md-auto h-col-auto style-556-outer style-local-681-c18-outer\">\n            <div data-colibri-id=\"681-c18\" class=\"d-flex h-flex-basis h-column__inner h-px-lg-2 h-px-md-2 h-px-2 v-inner-lg-2 v-inner-md-2 v-inner-2 style-556 style-local-681-c18 position-relative\">\n              <!---->\n              <!---->\n              <div class=\"w-100 h-y-container h-column__content h-column__v-align flex-basis-100 align-self-lg-start align-self-md-start align-self-start\">\n                <!---->\n                <div data-colibri-id=\"681-c19\" class=\"d-block style-557 style-local-681-c19 position-relative h-element\">\n                  <!---->\n                  <div class=\"h-image__frame-container-outer\">\n                    <div class=\"h-image__frame-container\">\n                      <!---->\n                      <!---->\n                      <img loading=\"lazy\" decoding=\"async\" width=\"728\" height=\"340\" data-src=\"https:\/\/argeda.com.tr\/wp-content\/uploads\/2024\/07\/argedaois.jpeg\" class=\"wp-image-685 style-557-image style-local-681-c19-image lazyload\" alt=\"\" data-srcset=\"https:\/\/argeda.com.tr\/wp-content\/uploads\/2024\/07\/argedaois.jpeg 728w, https:\/\/argeda.com.tr\/wp-content\/uploads\/2024\/07\/argedaois-300x140.jpeg 300w\" data-sizes=\"auto, (max-width: 728px) 100vw, 728px\" src=\"data:image\/gif;base64,R0lGODlhAQABAAAAACH5BAEKAAEALAAAAAABAAEAAAICTAEAOw==\" style=\"--smush-placeholder-width: 728px; --smush-placeholder-aspect-ratio: 728\/340;\" \/><noscript><img loading=\"lazy\" decoding=\"async\" width=\"728\" height=\"340\" src=\"https:\/\/argeda.com.tr\/wp-content\/uploads\/2024\/07\/argedaois.jpeg\" class=\"wp-image-685 style-557-image style-local-681-c19-image\" alt=\"\" srcset=\"https:\/\/argeda.com.tr\/wp-content\/uploads\/2024\/07\/argedaois.jpeg 728w, https:\/\/argeda.com.tr\/wp-content\/uploads\/2024\/07\/argedaois-300x140.jpeg 300w\" sizes=\"auto, (max-width: 728px) 100vw, 728px\" \/><\/noscript>\n                      <div class=\"h-image__frame h-hide-lg h-hide-md h-hide-sm style-557-frameImage style-local-681-c19-frameImage\"><\/div>\n                    <\/div>\n                  <\/div>\n                <\/div>\n                <div data-colibri-id=\"681-c20\" class=\"h-global-transition-all h-heading style-558 style-local-681-c20 position-relative h-element\">\n                  <!---->\n                  <div class=\"h-heading__outer style-558 style-local-681-c20\">\n                    <!---->\n                    <!---->\n                    <h4 class=\"\">\u0130LET\u0130\u015e\u0130M FORMU<\/h4>\n                  <\/div>\n                <\/div>\n              <\/div>\n            <\/div>\n          <\/div>\n        <\/div>\n      <\/div>\n    <\/div>\n  <\/div>\n  <div data-colibri-component=\"section\" data-colibri-id=\"681-c12\" id=\"custom\" class=\"h-section h-section-global-spacing d-flex align-items-lg-center align-items-md-center align-items-center style-549 style-local-681-c12 position-relative\">\n    <!---->\n    <!---->\n    <div class=\"h-section-grid-container h-section-boxed-container\">\n      <!---->\n      <div data-colibri-id=\"681-c13\" class=\"h-row-container gutters-row-lg-2 gutters-row-md-2 gutters-row-0 gutters-row-v-lg-2 gutters-row-v-md-2 gutters-row-v-2 style-550 style-local-681-c13 position-relative\">\n        <!---->\n        <div class=\"h-row justify-content-lg-center justify-content-md-center justify-content-center align-items-lg-stretch align-items-md-stretch align-items-stretch gutters-col-lg-2 gutters-col-md-2 gutters-col-0 gutters-col-v-lg-2 gutters-col-v-md-2 gutters-col-v-2\">\n          <!---->\n          <div class=\"h-column h-column-container d-flex h-col-lg-auto h-col-md-auto h-col-auto style-551-outer style-local-681-c14-outer\">\n            <div data-colibri-id=\"681-c14\" class=\"d-flex h-flex-basis h-column__inner h-px-lg-2 h-px-md-2 h-px-2 v-inner-lg-2 v-inner-md-2 v-inner-2 style-551 style-local-681-c14 position-relative\">\n              <!---->\n              <!---->\n              <div class=\"w-100 h-y-container h-column__content h-column__v-align flex-basis-100 align-self-lg-start align-self-md-start align-self-start\">\n                <!---->\n                <div data-colibri-id=\"681-c15\" class=\"position-relative h-element\">\n                  <!---->\n                  <div class=\"h-global-transition-all h-global-transition h-global-transition-all h-contact-form-shortcode--no-style\"><div class=\"wpforms-container wpforms-container-full wpforms-render-modern\" id=\"wpforms-711\"><form id=\"wpforms-form-711\" class=\"wpforms-validate wpforms-form wpforms-ajax-form\" data-formid=\"711\" method=\"post\" enctype=\"multipart\/form-data\" action=\"\/index.php?rest_route=%2Fwp%2Fv2%2Fpages%2F681\" data-token=\"ee873bec4922e4d64b7265af9c872e1f\" data-token-time=\"1778664558\"><noscript class=\"wpforms-error-noscript\">Bu formu bitirebilmek i\u00e7in taray\u0131c\u0131n\u0131zda JavaScript&#039;i etkinle\u015ftirin.<\/noscript><div class=\"wpforms-hidden\" id=\"wpforms-error-noscript\">Bu formu bitirebilmek i\u00e7in taray\u0131c\u0131n\u0131zda JavaScript&#039;i etkinle\u015ftirin.<\/div><div class=\"wpforms-field-container\"><div id=\"wpforms-711-field_0-container\" class=\"wpforms-field wpforms-field-name\" data-field-id=\"0\"><fieldset><legend class=\"wpforms-field-label\">Ad\u0131 Soyad\u0131 <span class=\"wpforms-required-label\" aria-hidden=\"true\">*<\/span><\/legend><div class=\"wpforms-field-row wpforms-field-medium\"><div class=\"wpforms-field-row-block wpforms-first wpforms-one-half\"><input type=\"text\" id=\"wpforms-711-field_0\" class=\"wpforms-field-name-first wpforms-field-required\" name=\"wpforms[fields][0][first]\" aria-errormessage=\"wpforms-711-field_0-error\" required><label for=\"wpforms-711-field_0\" class=\"wpforms-field-sublabel after\">Ad<\/label><\/div><div class=\"wpforms-field-row-block wpforms-one-half\"><input type=\"text\" id=\"wpforms-711-field_0-last\" class=\"wpforms-field-name-last wpforms-field-required\" name=\"wpforms[fields][0][last]\" aria-errormessage=\"wpforms-711-field_0-last-error\" required><label for=\"wpforms-711-field_0-last\" class=\"wpforms-field-sublabel after\">Soyad<\/label><\/div><\/div><\/fieldset><\/div><div id=\"wpforms-711-field_1-container\" class=\"wpforms-field wpforms-field-email\" data-field-id=\"1\"><label class=\"wpforms-field-label\" for=\"wpforms-711-field_1\">E-posta <span class=\"wpforms-required-label\" aria-hidden=\"true\">*<\/span><\/label><input type=\"email\" id=\"wpforms-711-field_1\" class=\"wpforms-field-medium wpforms-field-required\" name=\"wpforms[fields][1]\" spellcheck=\"false\" aria-errormessage=\"wpforms-711-field_1-error\" required><\/div><div id=\"wpforms-711-field_3-container\" class=\"wpforms-field wpforms-field-text\" data-field-id=\"3\"><label class=\"wpforms-field-label\" for=\"wpforms-711-field_3\">Size ula\u015fabilmemiz i\u00e7in telefonunuz<\/label><input type=\"text\" id=\"wpforms-711-field_3\" class=\"wpforms-field-medium\" name=\"wpforms[fields][3]\" aria-errormessage=\"wpforms-711-field_3-error\" ><\/div><div id=\"wpforms-711-field_2-container\" class=\"wpforms-field wpforms-field-textarea\" data-field-id=\"2\"><label class=\"wpforms-field-label\" for=\"wpforms-711-field_2\">Yorum veya Mesaj<\/label><textarea id=\"wpforms-711-field_2\" class=\"wpforms-field-medium\" name=\"wpforms[fields][2]\" aria-errormessage=\"wpforms-711-field_2-error\" ><\/textarea><\/div><\/div><!-- .wpforms-field-container --><div class=\"wpforms-submit-container\" ><input type=\"hidden\" name=\"wpforms[id]\" value=\"711\"><input type=\"hidden\" name=\"page_title\" value=\"\"><input type=\"hidden\" name=\"page_url\" value=\"https:\/\/argeda.com.tr\/index.php?rest_route=%2Fwp%2Fv2%2Fpages%2F681\"><button type=\"submit\" name=\"wpforms[submit]\" id=\"wpforms-submit-711\" class=\"wpforms-submit\" data-alt-text=\"G\u00f6nderiliyor...\" data-submit-text=\"G\u00f6nder\" aria-live=\"assertive\" value=\"wpforms-submit\">G\u00f6nder<\/button><img loading=\"lazy\" decoding=\"async\" data-src=\"https:\/\/argeda.com.tr\/wp-content\/plugins\/wpforms-lite\/assets\/images\/submit-spin.svg\" class=\"wpforms-submit-spinner lazyload\" style=\"--smush-placeholder-width: 26px; --smush-placeholder-aspect-ratio: 26\/26;display: none;\" width=\"26\" height=\"26\" alt=\"Y\u00fckleniyor\" src=\"data:image\/gif;base64,R0lGODlhAQABAAAAACH5BAEKAAEALAAAAAABAAEAAAICTAEAOw==\"><noscript><img loading=\"lazy\" decoding=\"async\" src=\"https:\/\/argeda.com.tr\/wp-content\/plugins\/wpforms-lite\/assets\/images\/submit-spin.svg\" class=\"wpforms-submit-spinner\" style=\"display: none;\" width=\"26\" height=\"26\" alt=\"Y\u00fckleniyor\"><\/noscript><\/div><\/form><\/div>  <!-- .wpforms-container --><\/div>\n                <\/div>\n              <\/div>\n            <\/div>\n          <\/div>\n        <\/div>\n      <\/div>\n    <\/div>\n  <\/div>\n<\/div>","protected":false},"excerpt":{"rendered":"<p>ADRES\u0130M\u0130Z ALTUN\u0130ZADE MAHALLES\u0130, OKUL SOKAK, ALTUN\u0130ZADE S\u0130TES\u0130 3 F\/1 \u00dcSK\u00dcDAR-\u0130STANBUL \u0130LET\u0130\u015e\u0130M FORMU<\/p>\n","protected":false},"author":1,"featured_media":0,"parent":0,"menu_order":0,"comment_status":"closed","ping_status":"closed","template":"page-templates\/full-width-page.php","meta":{"footnotes":""},"class_list":["post-681","page","type-page","status-publish","hentry"],"_links":{"self":[{"href":"https:\/\/argeda.com.tr\/index.php?rest_route=\/wp\/v2\/pages\/681","targetHints":{"allow":["GET"]}}],"collection":[{"href":"https:\/\/argeda.com.tr\/index.php?rest_route=\/wp\/v2\/pages"}],"about":[{"href":"https:\/\/argeda.com.tr\/index.php?rest_route=\/wp\/v2\/types\/page"}],"author":[{"embeddable":true,"href":"https:\/\/argeda.com.tr\/index.php?rest_route=\/wp\/v2\/users\/1"}],"replies":[{"embeddable":true,"href":"https:\/\/argeda.com.tr\/index.php?rest_route=%2Fwp%2Fv2%2Fcomments&post=681"}],"version-history":[{"count":4,"href":"https:\/\/argeda.com.tr\/index.php?rest_route=\/wp\/v2\/pages\/681\/revisions"}],"predecessor-version":[{"id":716,"href":"https:\/\/argeda.com.tr\/index.php?rest_route=\/wp\/v2\/pages\/681\/revisions\/716"}],"wp:attachment":[{"href":"https:\/\/argeda.com.tr\/index.php?rest_route=%2Fwp%2Fv2%2Fmedia&parent=681"}],"curies":[{"name":"wp","href":"https:\/\/api.w.org\/{rel}","templated":true}]}}